{"id":276,"date":"2025-03-05T19:16:33","date_gmt":"2025-03-06T02:16:33","guid":{"rendered":"https:\/\/www.similasanusa.com\/our-story\/"},"modified":"2025-03-26T20:43:08","modified_gmt":"2025-03-27T02:43:08","slug":"nuestra-historia","status":"publish","type":"page","link":"https:\/\/www.similasanusa.com\/es\/nuestra-historia\/","title":{"rendered":"Nuestra Historia"},"content":{"rendered":"<p><div class=\"fusion-fullwidth fullwidth-box fusion-builder-row-1 fusion-flex-container has-pattern-background has-mask-background nonhundred-percent-fullwidth non-hundred-percent-height-scrolling\" style=\"--awb-border-radius-top-left:0px;--awb-border-radius-top-right:0px;--awb-border-radius-bottom-right:0px;--awb-border-radius-bottom-left:0px;--awb-flex-wrap:wrap;\" ><div class=\"fusion-builder-row fusion-row fusion-flex-align-items-flex-start fusion-flex-content-wrap\" style=\"max-width:1442px;margin-left: calc(-3% \/ 2 );margin-right: calc(-3% \/ 2 );\"><div class=\"fusion-layout-column fusion_builder_column fusion-builder-column-0 fusion_builder_column_1_1 1_1 fusion-flex-column\" style=\"--awb-bg-size:cover;--awb-width-large:100%;--awb-margin-top-large:0px;--awb-spacing-right-large:1.455%;--awb-margin-bottom-large:35px;--awb-spacing-left-large:1.455%;--awb-width-medium:100%;--awb-order-medium:0;--awb-spacing-right-medium:1.455%;--awb-spacing-left-medium:1.455%;--awb-width-small:100%;--awb-order-small:0;--awb-spacing-right-small:1.455%;--awb-margin-bottom-small:10px;--awb-spacing-left-small:1.455%;\" data-scroll-devices=\"small-visibility,medium-visibility,large-visibility\"><div class=\"fusion-column-wrapper fusion-column-has-shadow fusion-flex-justify-content-flex-start fusion-content-layout-column\"><div class=\"fusion-title title fusion-title-1 fusion-sep-none fusion-title-text fusion-title-size-one\" style=\"--awb-margin-top-small:10px;--awb-margin-right-small:0px;--awb-margin-bottom-small:10px;--awb-margin-left-small:0px;\"><h1 class=\"fusion-title-heading title-heading-left fusion-responsive-typography-calculated\" style=\"margin:0;--fontSize:50;line-height:var(--awb-typography1-line-height);\">Nuestra Historia<\/h1><\/div><\/div><\/div><\/div><\/div>\n<div class=\"fusion-fullwidth fullwidth-box fusion-builder-row-2 fusion-flex-container has-pattern-background has-mask-background nonhundred-percent-fullwidth non-hundred-percent-height-scrolling\" style=\"--awb-border-radius-top-left:0px;--awb-border-radius-top-right:0px;--awb-border-radius-bottom-right:0px;--awb-border-radius-bottom-left:0px;--awb-flex-wrap:wrap;\" ><div class=\"fusion-builder-row fusion-row fusion-flex-align-items-flex-start fusion-flex-content-wrap\" style=\"max-width:1442px;margin-left: calc(-3% \/ 2 );margin-right: calc(-3% \/ 2 );\"><div class=\"fusion-layout-column fusion_builder_column fusion-builder-column-1 fusion_builder_column_1_1 1_1 fusion-flex-column\" style=\"--awb-padding-right:35px;--awb-padding-left:35px;--awb-padding-right-small:7px;--awb-padding-left-small:7px;--awb-bg-size:cover;--awb-width-large:100%;--awb-margin-top-large:0px;--awb-spacing-right-large:1.455%;--awb-margin-bottom-large:0px;--awb-spacing-left-large:1.455%;--awb-width-medium:100%;--awb-order-medium:0;--awb-spacing-right-medium:1.455%;--awb-spacing-left-medium:1.455%;--awb-width-small:100%;--awb-order-small:0;--awb-spacing-right-small:1.455%;--awb-spacing-left-small:1.455%;\" data-scroll-devices=\"small-visibility,medium-visibility,large-visibility\"><div class=\"fusion-column-wrapper fusion-column-has-shadow fusion-flex-justify-content-flex-start fusion-content-layout-column\"><div class=\"fusion-builder-row fusion-builder-row-inner fusion-row fusion-flex-align-items-flex-start fusion-flex-content-wrap\" style=\"--awb-flex-grow:0;--awb-flex-grow-medium:0;--awb-flex-grow-small:0;--awb-flex-shrink:0;--awb-flex-shrink-medium:0;--awb-flex-shrink-small:0;width:103% !important;max-width:103% !important;margin-left: calc(-3% \/ 2 );margin-right: calc(-3% \/ 2 );\"><div class=\"fusion-layout-column fusion_builder_column_inner fusion-builder-nested-column-0 fusion_builder_column_inner_1_4 1_4 fusion-flex-column\" style=\"--awb-bg-size:cover;--awb-width-large:25%;--awb-margin-top-large:0px;--awb-spacing-right-large:5.82%;--awb-margin-bottom-large:0px;--awb-spacing-left-large:5.82%;--awb-width-medium:25%;--awb-order-medium:0;--awb-spacing-right-medium:5.82%;--awb-spacing-left-medium:5.82%;--awb-width-small:100%;--awb-order-small:0;--awb-spacing-right-small:1.455%;--awb-spacing-left-small:1.455%;\" data-scroll-devices=\"small-visibility,medium-visibility,large-visibility\"><div class=\"fusion-column-wrapper fusion-column-has-shadow fusion-flex-justify-content-flex-start fusion-content-layout-column\"><div class=\"fusion-image-element \" style=\"text-align:left;--awb-caption-title-font-family:var(--h2_typography-font-family);--awb-caption-title-font-weight:var(--h2_typography-font-weight);--awb-caption-title-font-style:var(--h2_typography-font-style);--awb-caption-title-size:var(--h2_typography-font-size);--awb-caption-title-transform:var(--h2_typography-text-transform);--awb-caption-title-line-height:var(--h2_typography-line-height);--awb-caption-title-letter-spacing:var(--h2_typography-letter-spacing);\"><span class=\" fusion-imageframe imageframe-none imageframe-1 hover-type-none\"><img decoding=\"async\" width=\"350\" height=\"449\" alt=\"Oficinas de Similasan en Suiza\" title=\"Oficinas de Similasan en Suiza\" src=\"https:\/\/www.similasanusa.com\/wp-content\/uploads\/2025\/03\/Similasan_Swiss_office.jpg\" class=\"img-responsive wp-image-271\" srcset=\"https:\/\/www.similasanusa.com\/wp-content\/uploads\/2025\/03\/Similasan_Swiss_office-200x257.jpg 200w, https:\/\/www.similasanusa.com\/wp-content\/uploads\/2025\/03\/Similasan_Swiss_office.jpg 350w\" sizes=\"(max-width: 767px) 100vw, 350px\" \/><\/span><\/div><\/div><\/div><div class=\"fusion-layout-column fusion_builder_column_inner fusion-builder-nested-column-1 fusion_builder_column_inner_1_2 1_2 fusion-flex-column\" style=\"--awb-bg-size:cover;--awb-width-large:50%;--awb-margin-top-large:0px;--awb-spacing-right-large:2.91%;--awb-margin-bottom-large:0px;--awb-spacing-left-large:2.91%;--awb-width-medium:75%;--awb-order-medium:0;--awb-spacing-right-medium:1.94%;--awb-spacing-left-medium:1.94%;--awb-width-small:100%;--awb-order-small:0;--awb-spacing-right-small:1.455%;--awb-spacing-left-small:1.455%;\" data-scroll-devices=\"small-visibility,medium-visibility,large-visibility\"><div class=\"fusion-column-wrapper fusion-column-has-shadow fusion-flex-justify-content-flex-start fusion-content-layout-column\"><div class=\"fusion-title title fusion-title-2 fusion-sep-none fusion-title-text fusion-title-size-three\" style=\"--awb-margin-top-small:10px;--awb-margin-right-small:0px;--awb-margin-bottom-small:10px;--awb-margin-left-small:0px;\"><h3 class=\"fusion-title-heading title-heading-left fusion-responsive-typography-calculated\" style=\"margin:0;--fontSize:30;line-height:var(--awb-typography1-line-height);\">Donde todo comenz\u00f3<\/h3><\/div><div class=\"fusion-text fusion-text-1\"><p>Similasan AG en Jonen, Suiza, fue fundada por el farmaceuta suizo Armin Spaeni a partir de una l\u00ednea de remedios de combinaci\u00f3n homeop\u00e1tica que cre\u00f3 para su tienda minorista. Luego de darse cuenta del \u00e9xito que sus remedios ten\u00edan en el tratamiento de las afecciones de sus pacientes, Spaeni, junto con dos amigos, fund\u00f3 Similasan AG en Jonen, Suiza en 1980 para permitirles fabricar grandes cantidades de remedios para su creciente base de clientes. Similasan se convirti\u00f3 r\u00e1pidamente en una de las marcas m\u00e1s vendidas en las farmacias de Suiza, donde contin\u00faa siendo uno de los principales vendedores de remedios sin receta.<\/p>\n<\/div><\/div><\/div><div class=\"fusion-layout-column fusion_builder_column_inner fusion-builder-nested-column-2 fusion_builder_column_inner_1_4 1_4 fusion-flex-column fusion-no-small-visibility fusion-no-medium-visibility\" style=\"--awb-bg-size:cover;--awb-width-large:25%;--awb-margin-top-large:0px;--awb-spacing-right-large:5.82%;--awb-margin-bottom-large:0px;--awb-spacing-left-large:5.82%;--awb-width-medium:25%;--awb-order-medium:0;--awb-spacing-right-medium:5.82%;--awb-spacing-left-medium:5.82%;--awb-width-small:100%;--awb-order-small:0;--awb-spacing-right-small:1.455%;--awb-spacing-left-small:1.455%;\" data-scroll-devices=\"small-visibility,medium-visibility,large-visibility\"><div class=\"fusion-column-wrapper fusion-column-has-shadow fusion-flex-justify-content-flex-start fusion-content-layout-column\"><\/div><\/div><\/div><div class=\"fusion-separator fusion-full-width-sep\" style=\"align-self: center;margin-left: auto;margin-right: auto;margin-top:30px;width:100%;\"><\/div><div class=\"fusion-title title fusion-title-3 fusion-sep-none fusion-title-text fusion-title-size-three\" style=\"--awb-margin-top-small:10px;--awb-margin-right-small:0px;--awb-margin-bottom-small:10px;--awb-margin-left-small:0px;\"><h3 class=\"fusion-title-heading title-heading-left fusion-responsive-typography-calculated\" style=\"margin:0;--fontSize:30;line-height:var(--awb-typography1-line-height);\">Similasan Corporation, EUA<\/h3><\/div><div class=\"fusion-text fusion-text-2\"><p>Los productos Similasan homeop\u00e1tico se formulan utilizando lineamientos tradicionales y los produce Similasan AG de conformidad con estrictas Buenas Pr\u00e1cticas de Manufactura (BPM). Son importados, distribuidos y comercializados por Similasan Corporation, nuestra sede estadounidense, ubicada al sur de Denver, Colorado.<\/p>\n<p>Similasan Corporation fue fundada en 1987 con la introducci\u00f3n de las gotas oculares Alivio para la Sequedad de los Ojos (Anteriormente conocida como Gotas Oculares #1), que son inmensamente populares en Suiza. Los estadounidenses se dieron cuenta inmediatamente del beneficio de utilizar unas gotas oculares suaves, homeop\u00e1ticas, y la historia de Similasan Corporation comenz\u00f3.<\/p>\n<p>Desde entonces, los productos de Similasan han encontrado un lugar en el botiqu\u00edn familiar estadounidense, ofreciendo remedios seguros y efectivos para aliviar las afecciones oculares, de los o\u00eddos, de la nariz, y el pecho.<\/p>\n<\/div><div class=\"fusion-separator fusion-full-width-sep\" style=\"align-self: center;margin-left: auto;margin-right: auto;margin-top:20px;width:100%;\"><\/div><div class=\"fusion-title title fusion-title-4 fusion-sep-none fusion-title-text fusion-title-size-three\" style=\"--awb-margin-top-small:10px;--awb-margin-right-small:0px;--awb-margin-bottom-small:10px;--awb-margin-left-small:0px;\"><h3 class=\"fusion-title-heading title-heading-left fusion-responsive-typography-calculated\" style=\"margin:0;--fontSize:30;line-height:var(--awb-typography1-line-height);\">Declaraci\u00f3n de la misi\u00f3n<\/h3><\/div><div class=\"fusion-text fusion-text-3 fusion-text-no-margin\" style=\"--awb-margin-bottom:30px;\"><p>En Similasan, nuestro compromiso interminable es ayudar a la gente a sentirse mejor. Guiados por nuestra herencia suiza, ofrecemos remedios homeop\u00e1ticos naturales que proveen alivio sintom\u00e1tico. Estamos dedicados a pr\u00e1cticas \u00e9ticas e integridad en todo lo que hacemos.<\/p>\n<\/div><\/div><\/div><\/div><\/div><\/p>\n","protected":false},"excerpt":{"rendered":"","protected":false},"author":1,"featured_media":0,"parent":0,"menu_order":6,"comment_status":"closed","ping_status":"closed","template":"100-width.php","meta":{"_acf_changed":false,"footnotes":""},"class_list":["post-276","page","type-page","status-publish","hentry"],"acf":[],"yoast_head":"<!-- This site is optimized with the Yoast SEO plugin v27.5 - https:\/\/yoast.com\/product\/yoast-seo-wordpress\/ -->\n<title>Nuestra Historia | Similasan USA<\/title>\n<meta name=\"description\" content=\"Similasan se dedica a ayudar a las familias a sentirse mejor. Nuestros remedios naturales brindan alivio sintom\u00e1tico temporal para afecciones de ojos, o\u00eddos, nariz, cabeza y pecho sin usar qu\u00edmicos agresivos.\" \/>\n<meta name=\"robots\" content=\"index, follow, max-snippet:-1, max-image-preview:large, max-video-preview:-1\" \/>\n<link rel=\"canonical\" href=\"https:\/\/www.similasanusa.com\/es\/nuestra-historia\/\" \/>\n<meta property=\"og:locale\" content=\"es_ES\" \/>\n<meta property=\"og:type\" content=\"article\" \/>\n<meta property=\"og:title\" content=\"Nuestra Historia | Similasan USA\" \/>\n<meta property=\"og:description\" content=\"Similasan se dedica a ayudar a las familias a sentirse mejor. Nuestros remedios naturales brindan alivio sintom\u00e1tico temporal para afecciones de ojos, o\u00eddos, nariz, cabeza y pecho sin usar qu\u00edmicos agresivos.\" \/>\n<meta property=\"og:url\" content=\"https:\/\/www.similasanusa.com\/es\/nuestra-historia\/\" \/>\n<meta property=\"og:site_name\" content=\"Similasan USA\" \/>\n<meta property=\"article:publisher\" content=\"https:\/\/www.facebook.com\/Similasan\" \/>\n<meta property=\"article:modified_time\" content=\"2025-03-27T02:43:08+00:00\" \/>\n<meta property=\"og:image\" content=\"https:\/\/www.similasanusa.com\/wp-content\/uploads\/2025\/03\/Similasan1200.jpg\" \/>\n\t<meta property=\"og:image:width\" content=\"1200\" \/>\n\t<meta property=\"og:image:height\" content=\"675\" \/>\n\t<meta property=\"og:image:type\" content=\"image\/jpeg\" \/>\n<meta name=\"twitter:card\" content=\"summary_large_image\" \/>\n<meta name=\"twitter:label1\" content=\"Tiempo de lectura\" \/>\n\t<meta name=\"twitter:data1\" content=\"2 minutos\" \/>\n<script type=\"application\/ld+json\" class=\"yoast-schema-graph\">{\"@context\":\"https:\\\/\\\/schema.org\",\"@graph\":[{\"@type\":\"WebPage\",\"@id\":\"https:\\\/\\\/www.similasanusa.com\\\/es\\\/nuestra-historia\\\/\",\"url\":\"https:\\\/\\\/www.similasanusa.com\\\/es\\\/nuestra-historia\\\/\",\"name\":\"Nuestra Historia | Similasan USA\",\"isPartOf\":{\"@id\":\"https:\\\/\\\/www.similasanusa.com\\\/es\\\/#website\"},\"datePublished\":\"2025-03-06T02:16:33+00:00\",\"dateModified\":\"2025-03-27T02:43:08+00:00\",\"description\":\"Similasan se dedica a ayudar a las familias a sentirse mejor. Nuestros remedios naturales brindan alivio sintom\u00e1tico temporal para afecciones de ojos, o\u00eddos, nariz, cabeza y pecho sin usar qu\u00edmicos agresivos.\",\"breadcrumb\":{\"@id\":\"https:\\\/\\\/www.similasanusa.com\\\/es\\\/nuestra-historia\\\/#breadcrumb\"},\"inLanguage\":\"es\",\"potentialAction\":[{\"@type\":\"ReadAction\",\"target\":[\"https:\\\/\\\/www.similasanusa.com\\\/es\\\/nuestra-historia\\\/\"]}]},{\"@type\":\"BreadcrumbList\",\"@id\":\"https:\\\/\\\/www.similasanusa.com\\\/es\\\/nuestra-historia\\\/#breadcrumb\",\"itemListElement\":[{\"@type\":\"ListItem\",\"position\":1,\"name\":\"Home\",\"item\":\"https:\\\/\\\/www.similasanusa.com\\\/es\\\/\"},{\"@type\":\"ListItem\",\"position\":2,\"name\":\"Nuestra Historia\"}]},{\"@type\":\"WebSite\",\"@id\":\"https:\\\/\\\/www.similasanusa.com\\\/es\\\/#website\",\"url\":\"https:\\\/\\\/www.similasanusa.com\\\/es\\\/\",\"name\":\"Similasan USA\",\"description\":\"Feel Good About Feeling Better\u2122\",\"publisher\":{\"@id\":\"https:\\\/\\\/www.similasanusa.com\\\/es\\\/#organization\"},\"potentialAction\":[{\"@type\":\"SearchAction\",\"target\":{\"@type\":\"EntryPoint\",\"urlTemplate\":\"https:\\\/\\\/www.similasanusa.com\\\/es\\\/?s={search_term_string}\"},\"query-input\":{\"@type\":\"PropertyValueSpecification\",\"valueRequired\":true,\"valueName\":\"search_term_string\"}}],\"inLanguage\":\"es\"},{\"@type\":\"Organization\",\"@id\":\"https:\\\/\\\/www.similasanusa.com\\\/es\\\/#organization\",\"name\":\"Similasan\",\"url\":\"https:\\\/\\\/www.similasanusa.com\\\/es\\\/\",\"logo\":{\"@type\":\"ImageObject\",\"inLanguage\":\"es\",\"@id\":\"https:\\\/\\\/www.similasanusa.com\\\/es\\\/#\\\/schema\\\/logo\\\/image\\\/\",\"url\":\"https:\\\/\\\/www.similasanusa.com\\\/wp-content\\\/uploads\\\/2025\\\/03\\\/Similasan696-1.jpg\",\"contentUrl\":\"https:\\\/\\\/www.similasanusa.com\\\/wp-content\\\/uploads\\\/2025\\\/03\\\/Similasan696-1.jpg\",\"width\":696,\"height\":696,\"caption\":\"Similasan\"},\"image\":{\"@id\":\"https:\\\/\\\/www.similasanusa.com\\\/es\\\/#\\\/schema\\\/logo\\\/image\\\/\"},\"sameAs\":[\"https:\\\/\\\/www.facebook.com\\\/Similasan\"]}]}<\/script>\n<!-- \/ Yoast SEO plugin. -->","yoast_head_json":{"title":"Nuestra Historia | Similasan USA","description":"Similasan se dedica a ayudar a las familias a sentirse mejor. Nuestros remedios naturales brindan alivio sintom\u00e1tico temporal para afecciones de ojos, o\u00eddos, nariz, cabeza y pecho sin usar qu\u00edmicos agresivos.","robots":{"index":"index","follow":"follow","max-snippet":"max-snippet:-1","max-image-preview":"max-image-preview:large","max-video-preview":"max-video-preview:-1"},"canonical":"https:\/\/www.similasanusa.com\/es\/nuestra-historia\/","og_locale":"es_ES","og_type":"article","og_title":"Nuestra Historia | Similasan USA","og_description":"Similasan se dedica a ayudar a las familias a sentirse mejor. Nuestros remedios naturales brindan alivio sintom\u00e1tico temporal para afecciones de ojos, o\u00eddos, nariz, cabeza y pecho sin usar qu\u00edmicos agresivos.","og_url":"https:\/\/www.similasanusa.com\/es\/nuestra-historia\/","og_site_name":"Similasan USA","article_publisher":"https:\/\/www.facebook.com\/Similasan","article_modified_time":"2025-03-27T02:43:08+00:00","og_image":[{"width":1200,"height":675,"url":"https:\/\/www.similasanusa.com\/wp-content\/uploads\/2025\/03\/Similasan1200.jpg","type":"image\/jpeg"}],"twitter_card":"summary_large_image","twitter_misc":{"Tiempo de lectura":"2 minutos"},"schema":{"@context":"https:\/\/schema.org","@graph":[{"@type":"WebPage","@id":"https:\/\/www.similasanusa.com\/es\/nuestra-historia\/","url":"https:\/\/www.similasanusa.com\/es\/nuestra-historia\/","name":"Nuestra Historia | Similasan USA","isPartOf":{"@id":"https:\/\/www.similasanusa.com\/es\/#website"},"datePublished":"2025-03-06T02:16:33+00:00","dateModified":"2025-03-27T02:43:08+00:00","description":"Similasan se dedica a ayudar a las familias a sentirse mejor. Nuestros remedios naturales brindan alivio sintom\u00e1tico temporal para afecciones de ojos, o\u00eddos, nariz, cabeza y pecho sin usar qu\u00edmicos agresivos.","breadcrumb":{"@id":"https:\/\/www.similasanusa.com\/es\/nuestra-historia\/#breadcrumb"},"inLanguage":"es","potentialAction":[{"@type":"ReadAction","target":["https:\/\/www.similasanusa.com\/es\/nuestra-historia\/"]}]},{"@type":"BreadcrumbList","@id":"https:\/\/www.similasanusa.com\/es\/nuestra-historia\/#breadcrumb","itemListElement":[{"@type":"ListItem","position":1,"name":"Home","item":"https:\/\/www.similasanusa.com\/es\/"},{"@type":"ListItem","position":2,"name":"Nuestra Historia"}]},{"@type":"WebSite","@id":"https:\/\/www.similasanusa.com\/es\/#website","url":"https:\/\/www.similasanusa.com\/es\/","name":"Similasan USA","description":"Feel Good About Feeling Better\u2122","publisher":{"@id":"https:\/\/www.similasanusa.com\/es\/#organization"},"potentialAction":[{"@type":"SearchAction","target":{"@type":"EntryPoint","urlTemplate":"https:\/\/www.similasanusa.com\/es\/?s={search_term_string}"},"query-input":{"@type":"PropertyValueSpecification","valueRequired":true,"valueName":"search_term_string"}}],"inLanguage":"es"},{"@type":"Organization","@id":"https:\/\/www.similasanusa.com\/es\/#organization","name":"Similasan","url":"https:\/\/www.similasanusa.com\/es\/","logo":{"@type":"ImageObject","inLanguage":"es","@id":"https:\/\/www.similasanusa.com\/es\/#\/schema\/logo\/image\/","url":"https:\/\/www.similasanusa.com\/wp-content\/uploads\/2025\/03\/Similasan696-1.jpg","contentUrl":"https:\/\/www.similasanusa.com\/wp-content\/uploads\/2025\/03\/Similasan696-1.jpg","width":696,"height":696,"caption":"Similasan"},"image":{"@id":"https:\/\/www.similasanusa.com\/es\/#\/schema\/logo\/image\/"},"sameAs":["https:\/\/www.facebook.com\/Similasan"]}]}},"_links":{"self":[{"href":"https:\/\/www.similasanusa.com\/es\/wp-json\/wp\/v2\/pages\/276","targetHints":{"allow":["GET"]}}],"collection":[{"href":"https:\/\/www.similasanusa.com\/es\/wp-json\/wp\/v2\/pages"}],"about":[{"href":"https:\/\/www.similasanusa.com\/es\/wp-json\/wp\/v2\/types\/page"}],"author":[{"embeddable":true,"href":"https:\/\/www.similasanusa.com\/es\/wp-json\/wp\/v2\/users\/1"}],"replies":[{"embeddable":true,"href":"https:\/\/www.similasanusa.com\/es\/wp-json\/wp\/v2\/comments?post=276"}],"version-history":[{"count":0,"href":"https:\/\/www.similasanusa.com\/es\/wp-json\/wp\/v2\/pages\/276\/revisions"}],"wp:attachment":[{"href":"https:\/\/www.similasanusa.com\/es\/wp-json\/wp\/v2\/media?parent=276"}],"curies":[{"name":"wp","href":"https:\/\/api.w.org\/{rel}","templated":true}]}}