{"id":137,"date":"2025-03-03T18:39:12","date_gmt":"2025-03-04T01:39:12","guid":{"rendered":"https:\/\/www.similasanusa.com\/similasan-usa\/"},"modified":"2026-03-02T08:56:07","modified_gmt":"2026-03-02T15:56:07","slug":"similasan-usa","status":"publish","type":"page","link":"https:\/\/www.similasanusa.com\/es\/","title":{"rendered":"Similasan"},"content":{"rendered":"<p><div class=\"fusion-fullwidth fullwidth-box fusion-builder-row-1 fusion-flex-container has-pattern-background has-mask-background hundred-percent-fullwidth non-hundred-percent-height-scrolling home-slideshow\" style=\"--awb-border-radius-top-left:0px;--awb-border-radius-top-right:0px;--awb-border-radius-bottom-right:0px;--awb-border-radius-bottom-left:0px;--awb-padding-top:0px;--awb-padding-right:0px;--awb-padding-bottom:80px;--awb-padding-left:0px;--awb-padding-bottom-small:40px;--awb-flex-wrap:wrap;\" ><div class=\"fusion-builder-row fusion-row fusion-flex-align-items-flex-start fusion-flex-content-wrap\" style=\"width:103% !important;max-width:103% !important;margin-left: calc(-3% \/ 2 );margin-right: calc(-3% \/ 2 );\"><div class=\"fusion-layout-column fusion_builder_column fusion-builder-column-0 fusion_builder_column_1_1 1_1 fusion-flex-column\" style=\"--awb-bg-size:cover;--awb-width-large:100%;--awb-margin-top-large:0px;--awb-spacing-right-large:1.455%;--awb-margin-bottom-large:0px;--awb-spacing-left-large:1.455%;--awb-width-medium:100%;--awb-order-medium:0;--awb-spacing-right-medium:1.455%;--awb-spacing-left-medium:1.455%;--awb-width-small:100%;--awb-order-small:0;--awb-spacing-right-small:1.455%;--awb-spacing-left-small:1.455%;\" data-scroll-devices=\"small-visibility,medium-visibility,large-visibility\"><div class=\"fusion-column-wrapper fusion-column-has-shadow fusion-flex-justify-content-flex-start fusion-content-layout-column\">\n\t\t\t\t<p class=\"rs-p-wp-fix\"><\/p>\n\t\t\t\t<sr7-module data-alias=\"homepage-slider\" data-id=\"1\" id=\"SR7_1_1\" class=\"rs-ov-hidden\" data-version=\"6.7.39\">\n\t\t\t\t\t<sr7-adjuster><\/sr7-adjuster>\n\t\t\t\t\t<sr7-content>\n\t\t\t\t\t\t<sr7-slide id=\"SR7_1_1-2\" data-key=\"2\">\n\t\t\t\t\t\t\t<sr7-bg id=\"SR7_1_1-2-2\" class=\"sr7-layer\"><noscript><img decoding=\"async\" src=\"https:\/\/www.similasanusa.com\/wp-content\/uploads\/2026\/02\/Header-Slide-eye-care.webp\" alt=\"\" title=\"Experience the Power of Gentle\"><\/noscript><\/sr7-bg>\n\t\t\t\t\t\t<\/sr7-slide>\n\t\t\t\t\t\t<sr7-slide id=\"SR7_1_1-1\" data-key=\"1\">\n\t\t\t\t\t\t\t<sr7-bg id=\"SR7_1_1-1-1\" class=\"sr7-layer\"><noscript><img decoding=\"async\" src=\"https:\/\/www.similasanusa.com\/wp-content\/uploads\/2025\/03\/Header-slide_1-summer.jpg\" alt=\"Similasan Voted #1 Ear Pain Relief\" title=\"Similasan Voted #1 Ear Pain Relief\"><\/noscript><\/sr7-bg>\n\t\t\t\t\t\t<\/sr7-slide>\n\t\t\t\t\t\t<sr7-slide id=\"SR7_1_1-3\" data-key=\"3\">\n\t\t\t\t\t\t\t<sr7-bg id=\"SR7_1_1-3-1\" class=\"sr7-layer\"><noscript><img decoding=\"async\" src=\"https:\/\/www.similasanusa.com\/wp-content\/uploads\/2025\/03\/Header-slide_3-ear-care.jpg\" alt=\"Similasan Ear Health Products\" title=\"Similasan Ear Health Products\"><\/noscript><\/sr7-bg>\n\t\t\t\t\t\t<\/sr7-slide>\n\t\t\t\t\t\t<sr7-slide id=\"SR7_1_1-4\" data-key=\"4\">\n\t\t\t\t\t\t<\/sr7-slide>\n\t\t\t\t\t<\/sr7-content>\n\t\t\t\t\t<image_lists style=\"display:none\">\n\t\t\t\t\t\t<img data-src=\"\/\/www.similasanusa.com\/wp-content\/uploads\/2025\/03\/Header-slide_1-summer.jpg\" data-libid=\"150\" data-lib=\"medialibrary\" alt=\"Similasan Voted #1 Ear Pain Relief\" title=\"Similasan Voted #1 Ear Pain Relief\" width=\"0\" height=\"0\" data-dbsrc=\"Ly93d3cuc2ltaWxhc2FudXNhLmNvbS93cC1jb250ZW50L3VwbG9hZHMvMjAyNS8wMy9IZWFkZXItc2xpZGVfMS1zdW1tZXIuanBn\"\/>\n\t\t\t\t\t\t<img data-src=\"\/\/www.similasanusa.com\/wp-content\/uploads\/2026\/02\/Header-Slide-eye-care.webp\" data-libid=\"1511\" data-lib=\"medialibrary\" title=\"Experience the Power of Gentle\" width=\"0\" height=\"0\" data-dbsrc=\"Ly93d3cuc2ltaWxhc2FudXNhLmNvbS93cC1jb250ZW50L3VwbG9hZHMvMjAyNi8wMi9IZWFkZXItU2xpZGUtZXllLWNhcmUud2VicA==\"\/>\n\t\t\t\t\t\t<img data-src=\"\/\/www.similasanusa.com\/wp-content\/uploads\/2025\/03\/Header-slide_3-ear-care.jpg\" data-libid=\"156\" data-lib=\"medialibrary\" alt=\"Similasan Ear Health Products\" title=\"Similasan Ear Health Products\" width=\"0\" height=\"0\" data-dbsrc=\"Ly93d3cuc2ltaWxhc2FudXNhLmNvbS93cC1jb250ZW50L3VwbG9hZHMvMjAyNS8wMy9IZWFkZXItc2xpZGVfMy1lYXItY2FyZS5qcGc=\"\/>\n\t\t\t\t\t<\/image_lists>\n\t\t\t\t<\/sr7-module>\n\t\t\t\t<script>\n\t\t\t\t\tSR7.PMH ??={}; SR7.PMH[\"SR7_1_1\"] = {cn:100,state:false,fn: function() { if (_tpt!==undefined && _tpt.prepareModuleHeight !== undefined) {  _tpt.prepareModuleHeight({id:\"SR7_1_1\",el:[625,625,397,960,720],type:'standard',shdw:'0',gh:[625,625,400,304,188],gw:[1600,1600,1024,778,480],vpt:['-100px'],size:{fullWidth:true, fullHeight:false},mh:'0',onh:0,onw:0,bg:{color:'{\"orig\":\"transparent\",\"type\":\"solid\",\"string\":\"transparent\"}'}});   SR7.PMH[\"SR7_1_1\"].state=true;} else if(SR7.PMH[\"SR7_1_1\"].cn-->0)\tsetTimeout( SR7.PMH[\"SR7_1_1\"].fn,19);}};SR7.PMH[\"SR7_1_1\" ].fn();\n\t\t\t\t<\/script>\n<\/div><\/div><\/div><\/div><div class=\"fusion-fullwidth fullwidth-box fusion-builder-row-2 fusion-flex-container has-pattern-background has-mask-background nonhundred-percent-fullwidth non-hundred-percent-height-scrolling\" style=\"--awb-border-radius-top-left:0px;--awb-border-radius-top-right:0px;--awb-border-radius-bottom-right:0px;--awb-border-radius-bottom-left:0px;--awb-flex-wrap:wrap;\" ><div class=\"fusion-builder-row fusion-row fusion-flex-align-items-center fusion-flex-content-wrap\" style=\"max-width:1442px;margin-left: calc(-3% \/ 2 );margin-right: calc(-3% \/ 2 );\"><div class=\"fusion-layout-column fusion_builder_column fusion-builder-column-1 fusion-flex-column\" style=\"--awb-bg-size:cover;--awb-width-large:58%;--awb-margin-top-large:0px;--awb-spacing-right-large:2.5086206896552%;--awb-margin-bottom-large:0px;--awb-spacing-left-large:2.5086206896552%;--awb-width-medium:60%;--awb-order-medium:0;--awb-spacing-right-medium:2.425%;--awb-spacing-left-medium:2.425%;--awb-width-small:100%;--awb-order-small:1;--awb-spacing-right-small:1.455%;--awb-margin-bottom-small:25px;--awb-spacing-left-small:1.455%;\" data-scroll-devices=\"small-visibility,medium-visibility,large-visibility\"><div class=\"fusion-column-wrapper fusion-column-has-shadow fusion-flex-justify-content-flex-start fusion-content-layout-column\"><div class=\"fusion-image-element \" style=\"text-align:center;--awb-caption-title-font-family:var(--h2_typography-font-family);--awb-caption-title-font-weight:var(--h2_typography-font-weight);--awb-caption-title-font-style:var(--h2_typography-font-style);--awb-caption-title-size:var(--h2_typography-font-size);--awb-caption-title-transform:var(--h2_typography-text-transform);--awb-caption-title-line-height:var(--h2_typography-line-height);--awb-caption-title-letter-spacing:var(--h2_typography-letter-spacing);\"><span class=\" fusion-imageframe imageframe-none imageframe-1 hover-type-none\"><img decoding=\"async\" width=\"811\" height=\"538\" alt=\"Similasan de Suiza\" title=\"Similasan de Suiza\" src=\"https:\/\/www.similasanusa.com\/wp-content\/uploads\/2025\/03\/Home_pg_brand_summer.jpg\" class=\"img-responsive wp-image-173\" srcset=\"https:\/\/www.similasanusa.com\/wp-content\/uploads\/2025\/03\/Home_pg_brand_summer-200x133.jpg 200w, https:\/\/www.similasanusa.com\/wp-content\/uploads\/2025\/03\/Home_pg_brand_summer-400x265.jpg 400w, https:\/\/www.similasanusa.com\/wp-content\/uploads\/2025\/03\/Home_pg_brand_summer-600x398.jpg 600w, https:\/\/www.similasanusa.com\/wp-content\/uploads\/2025\/03\/Home_pg_brand_summer-800x531.jpg 800w, https:\/\/www.similasanusa.com\/wp-content\/uploads\/2025\/03\/Home_pg_brand_summer.jpg 811w\" sizes=\"(max-width: 767px) 100vw, 800px\" \/><\/span><\/div><\/div><\/div><div class=\"fusion-layout-column fusion_builder_column fusion-builder-column-2 fusion-flex-column\" style=\"--awb-bg-size:cover;--awb-width-large:42%;--awb-margin-top-large:0px;--awb-spacing-right-large:3.4642857142857%;--awb-margin-bottom-large:0px;--awb-spacing-left-large:3.4642857142857%;--awb-width-medium:40%;--awb-order-medium:0;--awb-spacing-right-medium:3.6375%;--awb-spacing-left-medium:3.6375%;--awb-width-small:100%;--awb-order-small:0;--awb-spacing-right-small:1.455%;--awb-spacing-left-small:1.455%;\" data-scroll-devices=\"small-visibility,medium-visibility,large-visibility\"><div class=\"fusion-column-wrapper fusion-column-has-shadow fusion-flex-justify-content-flex-start fusion-content-layout-column\"><div class=\"fusion-title title fusion-title-1 fusion-sep-none fusion-title-text fusion-title-size-two\" style=\"--awb-margin-top-small:10px;--awb-margin-right-small:0px;--awb-margin-bottom-small:10px;--awb-margin-left-small:0px;\"><h2 class=\"fusion-title-heading title-heading-left fusion-responsive-typography-calculated\" style=\"margin:0;--fontSize:40;line-height:var(--awb-typography1-line-height);\">SI\u00c9NTASE BIEN ACERCA DE SENTIRSE MEJOR<sup>\u2122<\/sup><\/h2><\/div><div class=\"fusion-text fusion-text-1\"><p>Similasan se dedica a ayudar a las familias a sentirse bien con lo que utilizan para sentirse mejor. Nuestros remedios naturales ofrecen alivio temporal de los s\u00edntomas de padecimientos de los ojos, los o\u00eddos, la nariz, la cabeza y el pecho.<\/p>\n<p>Tras originarse en Suiza en 1980, la marca Similasan se populariz\u00f3 en toda Europa. En la actualidad, los remedios de Similasan se utilizan ampliamente y tienen una gran reputaci\u00f3n en Norteam\u00e9rica. Las gotas para o\u00eddos y ojos, los remedios para la tos y otros medicamentos de Similasan pueden encontrarse en m\u00e1s de 20,000 establecimientos minoristas en los Estados Unidos.<\/p>\n<\/div><\/div><\/div><div class=\"fusion-layout-column fusion_builder_column fusion-builder-column-3 fusion-flex-column\" style=\"--awb-bg-size:cover;--awb-width-large:42%;--awb-margin-top-large:0px;--awb-spacing-right-large:3.4642857142857%;--awb-margin-bottom-large:0px;--awb-spacing-left-large:3.4642857142857%;--awb-width-medium:40%;--awb-order-medium:0;--awb-spacing-right-medium:3.6375%;--awb-spacing-left-medium:3.6375%;--awb-width-small:100%;--awb-order-small:2;--awb-spacing-right-small:1.455%;--awb-spacing-left-small:1.455%;\" data-scroll-devices=\"small-visibility,medium-visibility,large-visibility\"><div class=\"fusion-column-wrapper fusion-column-has-shadow fusion-flex-justify-content-flex-start fusion-content-layout-column\"><div class=\"fusion-title title fusion-title-2 fusion-sep-none fusion-title-text fusion-title-size-two\" style=\"--awb-margin-top-small:10px;--awb-margin-right-small:0px;--awb-margin-bottom-small:10px;--awb-margin-left-small:0px;\"><h2 class=\"fusion-title-heading title-heading-right sm-text-align-left fusion-responsive-typography-calculated\" style=\"margin:0;--fontSize:40;line-height:var(--awb-typography1-line-height);\">Gotas para los o\u00eddos para un alivio temporal de m\u00faltiples s\u00edntomas<\/h2><\/div><div class=\"fusion-text fusion-text-2 sm-text-align-left\" style=\"--awb-content-alignment:right;\"><p>El dolor de o\u00eddo puede ser molesto y causar distracci\u00f3n. El alivio del dolor de o\u00eddo de Similasan ayuda a manejar los s\u00edntomas con una combinaci\u00f3n \u00fanica de ingredientes activos naturales. Estos ingredientes act\u00faan en conjunto para apoyar la capacidad natural del cuerpo para encontrar alivio.<\/p>\n<\/div><\/div><\/div><div class=\"fusion-layout-column fusion_builder_column fusion-builder-column-4 fusion-flex-column\" style=\"--awb-bg-size:cover;--awb-width-large:58%;--awb-margin-top-large:0px;--awb-spacing-right-large:2.5086206896552%;--awb-margin-bottom-large:0px;--awb-spacing-left-large:2.5086206896552%;--awb-width-medium:60%;--awb-order-medium:0;--awb-spacing-right-medium:2.425%;--awb-spacing-left-medium:2.425%;--awb-width-small:100%;--awb-order-small:3;--awb-spacing-right-small:1.455%;--awb-spacing-left-small:1.455%;\" data-scroll-devices=\"small-visibility,medium-visibility,large-visibility\"><div class=\"fusion-column-wrapper fusion-column-has-shadow fusion-flex-justify-content-flex-start fusion-content-layout-column\"><div class=\"fusion-image-element \" style=\"text-align:center;--awb-caption-title-font-family:var(--h2_typography-font-family);--awb-caption-title-font-weight:var(--h2_typography-font-weight);--awb-caption-title-font-style:var(--h2_typography-font-style);--awb-caption-title-size:var(--h2_typography-font-size);--awb-caption-title-transform:var(--h2_typography-text-transform);--awb-caption-title-line-height:var(--h2_typography-line-height);--awb-caption-title-letter-spacing:var(--h2_typography-letter-spacing);\"><span class=\" fusion-imageframe imageframe-none imageframe-2 hover-type-none\"><img decoding=\"async\" width=\"811\" height=\"538\" alt=\"Alivio del dolor de o\u00eddo con Similasan\" title=\"Alivio del dolor de o\u00eddo con Similasan\" src=\"https:\/\/www.similasanusa.com\/wp-content\/uploads\/2025\/03\/Home_pg_products_EAR_fall.jpg\" class=\"img-responsive wp-image-179\" srcset=\"https:\/\/www.similasanusa.com\/wp-content\/uploads\/2025\/03\/Home_pg_products_EAR_fall-200x133.jpg 200w, https:\/\/www.similasanusa.com\/wp-content\/uploads\/2025\/03\/Home_pg_products_EAR_fall-400x265.jpg 400w, https:\/\/www.similasanusa.com\/wp-content\/uploads\/2025\/03\/Home_pg_products_EAR_fall-600x398.jpg 600w, https:\/\/www.similasanusa.com\/wp-content\/uploads\/2025\/03\/Home_pg_products_EAR_fall-800x531.jpg 800w, https:\/\/www.similasanusa.com\/wp-content\/uploads\/2025\/03\/Home_pg_products_EAR_fall.jpg 811w\" sizes=\"(max-width: 767px) 100vw, 800px\" \/><\/span><\/div><\/div><\/div><\/div><\/div><\/p>\n","protected":false},"excerpt":{"rendered":"","protected":false},"author":1,"featured_media":0,"parent":0,"menu_order":0,"comment_status":"closed","ping_status":"closed","template":"100-width.php","meta":{"_acf_changed":false,"footnotes":""},"class_list":["post-137","page","type-page","status-publish","hentry"],"acf":[],"yoast_head":"<!-- This site is optimized with the Yoast SEO plugin v27.5 - https:\/\/yoast.com\/product\/yoast-seo-wordpress\/ -->\n<title>Gotas para los ojos, gotas para los o\u00eddos, spray nasal - Totalmente naturales, homeop\u00e1ticos | Similasan USA<\/title>\n<meta name=\"description\" content=\"Los medicamentos naturales de venta libre Similasan incluyen gotas \u00f3ticas, gotas oft\u00e1lmicas, aerosoles nasales, jarabes para la tos y productos para el bienestar. Alivio homeop\u00e1tico para alergias, ojos rojos y secos, dolor de o\u00eddo, congesti\u00f3n nasal sinusal, conjuntivitis, dolor muscular, ni\u00f1os, beb\u00e9s y m\u00e1s.\" \/>\n<meta name=\"robots\" content=\"index, follow, max-snippet:-1, max-image-preview:large, max-video-preview:-1\" \/>\n<link rel=\"canonical\" href=\"https:\/\/www.similasanusa.com\/es\/\" \/>\n<meta property=\"og:locale\" content=\"es_ES\" \/>\n<meta property=\"og:type\" content=\"article\" \/>\n<meta property=\"og:title\" content=\"Gotas para los ojos, gotas para los o\u00eddos, spray nasal - Totalmente naturales, homeop\u00e1ticos | Similasan USA\" \/>\n<meta property=\"og:description\" content=\"Los medicamentos naturales de venta libre Similasan incluyen gotas \u00f3ticas, gotas oft\u00e1lmicas, aerosoles nasales, jarabes para la tos y productos para el bienestar. Alivio homeop\u00e1tico para alergias, ojos rojos y secos, dolor de o\u00eddo, congesti\u00f3n nasal sinusal, conjuntivitis, dolor muscular, ni\u00f1os, beb\u00e9s y m\u00e1s.\" \/>\n<meta property=\"og:url\" content=\"https:\/\/www.similasanusa.com\/es\/\" \/>\n<meta property=\"og:site_name\" content=\"Similasan USA\" \/>\n<meta property=\"article:publisher\" content=\"https:\/\/www.facebook.com\/Similasan\" \/>\n<meta property=\"article:modified_time\" content=\"2026-03-02T15:56:07+00:00\" \/>\n<meta property=\"og:image\" content=\"https:\/\/www.similasanusa.com\/wp-content\/uploads\/2025\/03\/Similasan1200.jpg\" \/>\n\t<meta property=\"og:image:width\" content=\"1200\" \/>\n\t<meta property=\"og:image:height\" content=\"675\" \/>\n\t<meta property=\"og:image:type\" content=\"image\/jpeg\" \/>\n<meta name=\"twitter:card\" content=\"summary_large_image\" \/>\n<meta name=\"twitter:label1\" content=\"Tiempo de lectura\" \/>\n\t<meta name=\"twitter:data1\" content=\"2 minutos\" \/>\n<script type=\"application\/ld+json\" class=\"yoast-schema-graph\">{\"@context\":\"https:\\\/\\\/schema.org\",\"@graph\":[{\"@type\":\"WebPage\",\"@id\":\"https:\\\/\\\/www.similasanusa.com\\\/es\\\/\",\"url\":\"https:\\\/\\\/www.similasanusa.com\\\/es\\\/\",\"name\":\"Gotas para los ojos, gotas para los o\u00eddos, spray nasal - Totalmente naturales, homeop\u00e1ticos | Similasan USA\",\"isPartOf\":{\"@id\":\"https:\\\/\\\/www.similasanusa.com\\\/es\\\/#website\"},\"datePublished\":\"2025-03-04T01:39:12+00:00\",\"dateModified\":\"2026-03-02T15:56:07+00:00\",\"description\":\"Los medicamentos naturales de venta libre Similasan incluyen gotas \u00f3ticas, gotas oft\u00e1lmicas, aerosoles nasales, jarabes para la tos y productos para el bienestar. Alivio homeop\u00e1tico para alergias, ojos rojos y secos, dolor de o\u00eddo, congesti\u00f3n nasal sinusal, conjuntivitis, dolor muscular, ni\u00f1os, beb\u00e9s y m\u00e1s.\",\"breadcrumb\":{\"@id\":\"https:\\\/\\\/www.similasanusa.com\\\/es\\\/#breadcrumb\"},\"inLanguage\":\"es\",\"potentialAction\":[{\"@type\":\"ReadAction\",\"target\":[\"https:\\\/\\\/www.similasanusa.com\\\/es\\\/\"]}]},{\"@type\":\"BreadcrumbList\",\"@id\":\"https:\\\/\\\/www.similasanusa.com\\\/es\\\/#breadcrumb\",\"itemListElement\":[{\"@type\":\"ListItem\",\"position\":1,\"name\":\"Home\",\"item\":\"https:\\\/\\\/www.similasanusa.com\\\/es\\\/\"},{\"@type\":\"ListItem\",\"position\":2,\"name\":\"Similasan\"}]},{\"@type\":\"WebSite\",\"@id\":\"https:\\\/\\\/www.similasanusa.com\\\/es\\\/#website\",\"url\":\"https:\\\/\\\/www.similasanusa.com\\\/es\\\/\",\"name\":\"Similasan USA\",\"description\":\"Feel Good About Feeling Better\u2122\",\"publisher\":{\"@id\":\"https:\\\/\\\/www.similasanusa.com\\\/es\\\/#organization\"},\"potentialAction\":[{\"@type\":\"SearchAction\",\"target\":{\"@type\":\"EntryPoint\",\"urlTemplate\":\"https:\\\/\\\/www.similasanusa.com\\\/es\\\/?s={search_term_string}\"},\"query-input\":{\"@type\":\"PropertyValueSpecification\",\"valueRequired\":true,\"valueName\":\"search_term_string\"}}],\"inLanguage\":\"es\"},{\"@type\":\"Organization\",\"@id\":\"https:\\\/\\\/www.similasanusa.com\\\/es\\\/#organization\",\"name\":\"Similasan\",\"url\":\"https:\\\/\\\/www.similasanusa.com\\\/es\\\/\",\"logo\":{\"@type\":\"ImageObject\",\"inLanguage\":\"es\",\"@id\":\"https:\\\/\\\/www.similasanusa.com\\\/es\\\/#\\\/schema\\\/logo\\\/image\\\/\",\"url\":\"https:\\\/\\\/www.similasanusa.com\\\/wp-content\\\/uploads\\\/2025\\\/03\\\/Similasan696-1.jpg\",\"contentUrl\":\"https:\\\/\\\/www.similasanusa.com\\\/wp-content\\\/uploads\\\/2025\\\/03\\\/Similasan696-1.jpg\",\"width\":696,\"height\":696,\"caption\":\"Similasan\"},\"image\":{\"@id\":\"https:\\\/\\\/www.similasanusa.com\\\/es\\\/#\\\/schema\\\/logo\\\/image\\\/\"},\"sameAs\":[\"https:\\\/\\\/www.facebook.com\\\/Similasan\"]}]}<\/script>\n<!-- \/ Yoast SEO plugin. -->","yoast_head_json":{"title":"Gotas para los ojos, gotas para los o\u00eddos, spray nasal - Totalmente naturales, homeop\u00e1ticos | Similasan USA","description":"Los medicamentos naturales de venta libre Similasan incluyen gotas \u00f3ticas, gotas oft\u00e1lmicas, aerosoles nasales, jarabes para la tos y productos para el bienestar. Alivio homeop\u00e1tico para alergias, ojos rojos y secos, dolor de o\u00eddo, congesti\u00f3n nasal sinusal, conjuntivitis, dolor muscular, ni\u00f1os, beb\u00e9s y m\u00e1s.","robots":{"index":"index","follow":"follow","max-snippet":"max-snippet:-1","max-image-preview":"max-image-preview:large","max-video-preview":"max-video-preview:-1"},"canonical":"https:\/\/www.similasanusa.com\/es\/","og_locale":"es_ES","og_type":"article","og_title":"Gotas para los ojos, gotas para los o\u00eddos, spray nasal - Totalmente naturales, homeop\u00e1ticos | Similasan USA","og_description":"Los medicamentos naturales de venta libre Similasan incluyen gotas \u00f3ticas, gotas oft\u00e1lmicas, aerosoles nasales, jarabes para la tos y productos para el bienestar. Alivio homeop\u00e1tico para alergias, ojos rojos y secos, dolor de o\u00eddo, congesti\u00f3n nasal sinusal, conjuntivitis, dolor muscular, ni\u00f1os, beb\u00e9s y m\u00e1s.","og_url":"https:\/\/www.similasanusa.com\/es\/","og_site_name":"Similasan USA","article_publisher":"https:\/\/www.facebook.com\/Similasan","article_modified_time":"2026-03-02T15:56:07+00:00","og_image":[{"width":1200,"height":675,"url":"https:\/\/www.similasanusa.com\/wp-content\/uploads\/2025\/03\/Similasan1200.jpg","type":"image\/jpeg"}],"twitter_card":"summary_large_image","twitter_misc":{"Tiempo de lectura":"2 minutos"},"schema":{"@context":"https:\/\/schema.org","@graph":[{"@type":"WebPage","@id":"https:\/\/www.similasanusa.com\/es\/","url":"https:\/\/www.similasanusa.com\/es\/","name":"Gotas para los ojos, gotas para los o\u00eddos, spray nasal - Totalmente naturales, homeop\u00e1ticos | Similasan USA","isPartOf":{"@id":"https:\/\/www.similasanusa.com\/es\/#website"},"datePublished":"2025-03-04T01:39:12+00:00","dateModified":"2026-03-02T15:56:07+00:00","description":"Los medicamentos naturales de venta libre Similasan incluyen gotas \u00f3ticas, gotas oft\u00e1lmicas, aerosoles nasales, jarabes para la tos y productos para el bienestar. Alivio homeop\u00e1tico para alergias, ojos rojos y secos, dolor de o\u00eddo, congesti\u00f3n nasal sinusal, conjuntivitis, dolor muscular, ni\u00f1os, beb\u00e9s y m\u00e1s.","breadcrumb":{"@id":"https:\/\/www.similasanusa.com\/es\/#breadcrumb"},"inLanguage":"es","potentialAction":[{"@type":"ReadAction","target":["https:\/\/www.similasanusa.com\/es\/"]}]},{"@type":"BreadcrumbList","@id":"https:\/\/www.similasanusa.com\/es\/#breadcrumb","itemListElement":[{"@type":"ListItem","position":1,"name":"Home","item":"https:\/\/www.similasanusa.com\/es\/"},{"@type":"ListItem","position":2,"name":"Similasan"}]},{"@type":"WebSite","@id":"https:\/\/www.similasanusa.com\/es\/#website","url":"https:\/\/www.similasanusa.com\/es\/","name":"Similasan USA","description":"Feel Good About Feeling Better\u2122","publisher":{"@id":"https:\/\/www.similasanusa.com\/es\/#organization"},"potentialAction":[{"@type":"SearchAction","target":{"@type":"EntryPoint","urlTemplate":"https:\/\/www.similasanusa.com\/es\/?s={search_term_string}"},"query-input":{"@type":"PropertyValueSpecification","valueRequired":true,"valueName":"search_term_string"}}],"inLanguage":"es"},{"@type":"Organization","@id":"https:\/\/www.similasanusa.com\/es\/#organization","name":"Similasan","url":"https:\/\/www.similasanusa.com\/es\/","logo":{"@type":"ImageObject","inLanguage":"es","@id":"https:\/\/www.similasanusa.com\/es\/#\/schema\/logo\/image\/","url":"https:\/\/www.similasanusa.com\/wp-content\/uploads\/2025\/03\/Similasan696-1.jpg","contentUrl":"https:\/\/www.similasanusa.com\/wp-content\/uploads\/2025\/03\/Similasan696-1.jpg","width":696,"height":696,"caption":"Similasan"},"image":{"@id":"https:\/\/www.similasanusa.com\/es\/#\/schema\/logo\/image\/"},"sameAs":["https:\/\/www.facebook.com\/Similasan"]}]}},"_links":{"self":[{"href":"https:\/\/www.similasanusa.com\/es\/wp-json\/wp\/v2\/pages\/137","targetHints":{"allow":["GET"]}}],"collection":[{"href":"https:\/\/www.similasanusa.com\/es\/wp-json\/wp\/v2\/pages"}],"about":[{"href":"https:\/\/www.similasanusa.com\/es\/wp-json\/wp\/v2\/types\/page"}],"author":[{"embeddable":true,"href":"https:\/\/www.similasanusa.com\/es\/wp-json\/wp\/v2\/users\/1"}],"replies":[{"embeddable":true,"href":"https:\/\/www.similasanusa.com\/es\/wp-json\/wp\/v2\/comments?post=137"}],"version-history":[{"count":2,"href":"https:\/\/www.similasanusa.com\/es\/wp-json\/wp\/v2\/pages\/137\/revisions"}],"predecessor-version":[{"id":1788,"href":"https:\/\/www.similasanusa.com\/es\/wp-json\/wp\/v2\/pages\/137\/revisions\/1788"}],"wp:attachment":[{"href":"https:\/\/www.similasanusa.com\/es\/wp-json\/wp\/v2\/media?parent=137"}],"curies":[{"name":"wp","href":"https:\/\/api.w.org\/{rel}","templated":true}]}}